{"id":8455,"date":"2021-05-14T14:52:00","date_gmt":"2021-05-14T12:52:00","guid":{"rendered":"https:\/\/www.urbannomad.rs\/blog\/"},"modified":"2021-06-25T15:16:53","modified_gmt":"2021-06-25T13:16:53","slug":"blog","status":"publish","type":"page","link":"https:\/\/www.urbannomad.rs\/en\/blog\/","title":{"rendered":"Blog"},"content":{"rendered":"\t\t<div data-elementor-type=\"wp-page\" data-elementor-id=\"8455\" class=\"elementor elementor-8455 elementor-964\">\n\t\t\t\t\t\t\t\t\t<div class=\"elementor-section elementor-top-section elementor-element elementor-element-83a254d elementor-section-stretched elementor-section-boxed elementor-section-height-default elementor-section-height-default\" data-id=\"83a254d\" data-element_type=\"section\" data-settings=\"{&quot;stretch_section&quot;:&quot;section-stretched&quot;,&quot;background_background&quot;:&quot;classic&quot;}\">\n\t\t\t\t\t\t<div class=\"elementor-container elementor-column-gap-no\">\n\t\t\t\t\t<div class=\"elementor-column elementor-col-100 elementor-top-column elementor-element elementor-element-d5811e2\" data-id=\"d5811e2\" data-element_type=\"column\">\n\t\t\t<div class=\"elementor-widget-wrap elementor-element-populated\">\n\t\t\t\t\t\t\t\t<div class=\"elementor-element elementor-element-64c95ff elementor-widget elementor-widget-text-editor\" data-id=\"64c95ff\" data-element_type=\"widget\" data-widget_type=\"text-editor.default\">\n\t\t\t\t<div class=\"elementor-widget-container\">\n\t\t\t\t\t\t\t<p>News &amp; Blog<\/p>\n\t\t\t\t\t\t<\/div>\n\t\t\t\t<\/div>\n\t\t\t\t<div class=\"elementor-element elementor-element-05e96fa elementor-widget elementor-widget-text-editor\" data-id=\"05e96fa\" data-element_type=\"widget\" data-widget_type=\"text-editor.default\">\n\t\t\t\t<div class=\"elementor-widget-container\">\n\t\t\t\t\t\t\t<p>Blog<\/p>\n\t\t\t\t\t\t<\/div>\n\t\t\t\t<\/div>\n\t\t\t\t<div class=\"elementor-element elementor-element-2d0ddbd arrow-style-1 elementor-widget elementor-widget-triply-post-grid\" data-id=\"2d0ddbd\" data-element_type=\"widget\" data-widget_type=\"triply-post-grid.default\">\n\t\t\t\t<div class=\"elementor-widget-container\">\n\t\t\t        <div class=\"elementor-post-wrapper layout-post-style-1\">\n            <div class=\"row\" data-elementor-columns=\"2\" data-elementor-columns-tablet=\"2\" data-elementor-columns-mobile=\"1\">\n                <div class=\"column-item post-style-1 hentry\">\n    <div class=\"post-inner\">\n                    <div class=\"post-thumbnail\">\n                <a href=\"https:\/\/www.urbannomad.rs\/en\/why-urban-nomad-answer-first\/\">\n                    <img loading=\"lazy\" decoding=\"async\" width=\"768\" height=\"768\" src=\"https:\/\/www.urbannomad.rs\/wp-content\/uploads\/2024\/04\/IMG_20200516_1954029472-768x768.jpg\" class=\"attachment-triply-post-grid size-triply-post-grid wp-post-image\" alt=\"\" srcset=\"https:\/\/www.urbannomad.rs\/wp-content\/uploads\/2024\/04\/IMG_20200516_1954029472-768x768.jpg 768w, https:\/\/www.urbannomad.rs\/wp-content\/uploads\/2024\/04\/IMG_20200516_1954029472-150x150.jpg 150w, https:\/\/www.urbannomad.rs\/wp-content\/uploads\/2024\/04\/IMG_20200516_1954029472-500x500.jpg 500w, https:\/\/www.urbannomad.rs\/wp-content\/uploads\/2024\/04\/IMG_20200516_1954029472-100x100.jpg 100w\" sizes=\"auto, (max-width: 768px) 100vw, 768px\" \/>                <\/a>\n            <\/div><!-- .post-thumbnail -->\n\n                <div class=\"entry-content\">\n            <div class=\"entry-content-wrapper\">\n                <div class=\"entry-header\">\n                    <span class=\"categories-link\"><span class=\"screen-reader-text\">Categories<\/span><a href=\"https:\/\/www.urbannomad.rs\/en\/category\/blog-en\/\" rel=\"category tag\">BLOG<\/a><\/span><h3 class=\"entry-title\"><a href=\"https:\/\/www.urbannomad.rs\/en\/why-urban-nomad-answer-first\/\" rel=\"bookmark\">Why Urban Nomad? &#8211; Answer first:<\/a><\/h3>                <\/div>\n                <div class=\"entry-bottom\">\n                    <p>Living in a van has been a viral topic on the internet lately. Due to its rapid rise&hellip;<\/p>\n                <\/div>\n                <div class=\"entry-meta\">\n                    <span class=\"posted-on\"><a href=\"https:\/\/www.urbannomad.rs\/en\/why-urban-nomad-answer-first\/\" rel=\"bookmark\"><time class=\"entry-date published\" datetime=\"2024-05-27T16:48:07+02:00\">27.05.2024.<\/time><time class=\"updated\" datetime=\"2024-05-27T16:48:08+02:00\">27.05.2024.<\/time><\/a><\/span> <span class=\"post-author\"><span>By <a href=\"https:\/\/www.urbannomad.rs\/en\/author\/ana-katic\/\">Urban Nomad<\/a><\/span><\/span>                <\/div>\n            <\/div>\n        <\/div>\n    <\/div>\n<\/div>\n            <\/div>\n\n                    <\/div>\n        \t\t<\/div>\n\t\t\t\t<\/div>\n\t\t\t\t\t<\/div>\n\t\t<\/div>\n\t\t\t\t\t\t\t<\/div>\n\t\t<\/div>\n\t\t\t\t\t\t\t<\/div>\n\t\t","protected":false},"excerpt":{"rendered":"<p>News &amp; Blog Blog KategorijeBLOG Predlog za sedmodnevno putovanje kroz Srbiju i Crnu Gor A wonderful serenity has taken possession of my entire soul, like these sweet mornings of spring which I&hellip; 09.11.2020.24.06.2021. Od Urban Nomad 0 KategorijeBLOG Kako pripremiti kombi za savr\u0161enu kamp lokaciju A wonderful serenity has taken possession of my entire soul, [&hellip;]<\/p>\n","protected":false},"author":1,"featured_media":0,"parent":0,"menu_order":0,"comment_status":"closed","ping_status":"closed","template":"elementor_header_footer","meta":{"inline_featured_image":false,"footnotes":""},"class_list":["post-8455","page","type-page","status-publish","hentry"],"yoast_head":"<!-- This site is optimized with the Yoast SEO plugin v22.7 - https:\/\/yoast.com\/wordpress\/plugins\/seo\/ -->\n<title>Blog &#8226; Urban Nomad<\/title>\n<meta name=\"description\" content=\"Istra\u017ei Srbiju na uzbudljiv na\u010din! Iznajmi kombi. U\u017eivaj u prirodi. Budi NOMAD.\" \/>\n<meta name=\"robots\" content=\"index, follow, max-snippet:-1, max-image-preview:large, max-video-preview:-1\" \/>\n<link rel=\"canonical\" href=\"https:\/\/www.urbannomad.rs\/en\/blog\/\" \/>\n<meta property=\"og:locale\" content=\"en_US\" \/>\n<meta property=\"og:type\" content=\"article\" \/>\n<meta property=\"og:title\" content=\"Blog &#8226; Urban Nomad\" \/>\n<meta property=\"og:description\" content=\"Istra\u017ei Srbiju na uzbudljiv na\u010din! Iznajmi kombi. U\u017eivaj u prirodi. Budi NOMAD.\" \/>\n<meta property=\"og:url\" content=\"https:\/\/www.urbannomad.rs\/en\/blog\/\" \/>\n<meta property=\"og:site_name\" content=\"Urban Nomad\" \/>\n<meta property=\"article:publisher\" content=\"https:\/\/www.facebook.com\/urbannomad.rs\" \/>\n<meta property=\"article:modified_time\" content=\"2021-06-25T13:16:53+00:00\" \/>\n<meta property=\"og:image\" content=\"https:\/\/www.urbannomad.rs\/wp-content\/uploads\/2020\/11\/blog-7-768x768.jpg\" \/>\n<meta name=\"twitter:card\" content=\"summary_large_image\" \/>\n<script type=\"application\/ld+json\" class=\"yoast-schema-graph\">{\"@context\":\"https:\/\/schema.org\",\"@graph\":[{\"@type\":\"WebPage\",\"@id\":\"https:\/\/www.urbannomad.rs\/en\/blog\/\",\"url\":\"https:\/\/www.urbannomad.rs\/en\/blog\/\",\"name\":\"Blog &#8226; Urban Nomad\",\"isPartOf\":{\"@id\":\"https:\/\/www.urbannomad.rs\/en\/#website\"},\"primaryImageOfPage\":{\"@id\":\"https:\/\/www.urbannomad.rs\/en\/blog\/#primaryimage\"},\"image\":{\"@id\":\"https:\/\/www.urbannomad.rs\/en\/blog\/#primaryimage\"},\"thumbnailUrl\":\"https:\/\/www.urbannomad.rs\/wp-content\/uploads\/2020\/11\/blog-7-768x768.jpg\",\"datePublished\":\"2021-05-14T12:52:00+00:00\",\"dateModified\":\"2021-06-25T13:16:53+00:00\",\"description\":\"Istra\u017ei Srbiju na uzbudljiv na\u010din! Iznajmi kombi. U\u017eivaj u prirodi. Budi NOMAD.\",\"breadcrumb\":{\"@id\":\"https:\/\/www.urbannomad.rs\/en\/blog\/#breadcrumb\"},\"inLanguage\":\"en-US\",\"potentialAction\":[{\"@type\":\"ReadAction\",\"target\":[\"https:\/\/www.urbannomad.rs\/en\/blog\/\"]}]},{\"@type\":\"ImageObject\",\"inLanguage\":\"en-US\",\"@id\":\"https:\/\/www.urbannomad.rs\/en\/blog\/#primaryimage\",\"url\":\"https:\/\/www.urbannomad.rs\/wp-content\/uploads\/2020\/11\/blog-7-768x768.jpg\",\"contentUrl\":\"https:\/\/www.urbannomad.rs\/wp-content\/uploads\/2020\/11\/blog-7-768x768.jpg\"},{\"@type\":\"BreadcrumbList\",\"@id\":\"https:\/\/www.urbannomad.rs\/en\/blog\/#breadcrumb\",\"itemListElement\":[{\"@type\":\"ListItem\",\"position\":1,\"name\":\"Po\u010detna\",\"item\":\"https:\/\/www.urbannomad.rs\/en\/\"},{\"@type\":\"ListItem\",\"position\":2,\"name\":\"Blog\"}]},{\"@type\":\"WebSite\",\"@id\":\"https:\/\/www.urbannomad.rs\/en\/#website\",\"url\":\"https:\/\/www.urbannomad.rs\/en\/\",\"name\":\"Urban Nomad\",\"description\":\"I jedno i drugo\",\"publisher\":{\"@id\":\"https:\/\/www.urbannomad.rs\/en\/#organization\"},\"potentialAction\":[{\"@type\":\"SearchAction\",\"target\":{\"@type\":\"EntryPoint\",\"urlTemplate\":\"https:\/\/www.urbannomad.rs\/en\/?s={search_term_string}\"},\"query-input\":\"required name=search_term_string\"}],\"inLanguage\":\"en-US\"},{\"@type\":\"Organization\",\"@id\":\"https:\/\/www.urbannomad.rs\/en\/#organization\",\"name\":\"Urban Nomad\",\"url\":\"https:\/\/www.urbannomad.rs\/en\/\",\"logo\":{\"@type\":\"ImageObject\",\"inLanguage\":\"en-US\",\"@id\":\"https:\/\/www.urbannomad.rs\/en\/#\/schema\/logo\/image\/\",\"url\":\"https:\/\/www.urbannomad.rs\/wp-content\/uploads\/2021\/03\/UrbanNomad_Logotip_708x708px-copy.png\",\"contentUrl\":\"https:\/\/www.urbannomad.rs\/wp-content\/uploads\/2021\/03\/UrbanNomad_Logotip_708x708px-copy.png\",\"width\":708,\"height\":708,\"caption\":\"Urban Nomad\"},\"image\":{\"@id\":\"https:\/\/www.urbannomad.rs\/en\/#\/schema\/logo\/image\/\"},\"sameAs\":[\"https:\/\/www.facebook.com\/urbannomad.rs\",\"https:\/\/www.instagram.com\/urbannomad_rs\/\"]}]}<\/script>\n<!-- \/ Yoast SEO plugin. -->","yoast_head_json":{"title":"Blog &#8226; Urban Nomad","description":"Istra\u017ei Srbiju na uzbudljiv na\u010din! Iznajmi kombi. U\u017eivaj u prirodi. Budi NOMAD.","robots":{"index":"index","follow":"follow","max-snippet":"max-snippet:-1","max-image-preview":"max-image-preview:large","max-video-preview":"max-video-preview:-1"},"canonical":"https:\/\/www.urbannomad.rs\/en\/blog\/","og_locale":"en_US","og_type":"article","og_title":"Blog &#8226; Urban Nomad","og_description":"Istra\u017ei Srbiju na uzbudljiv na\u010din! Iznajmi kombi. U\u017eivaj u prirodi. Budi NOMAD.","og_url":"https:\/\/www.urbannomad.rs\/en\/blog\/","og_site_name":"Urban Nomad","article_publisher":"https:\/\/www.facebook.com\/urbannomad.rs","article_modified_time":"2021-06-25T13:16:53+00:00","og_image":[{"url":"https:\/\/www.urbannomad.rs\/wp-content\/uploads\/2020\/11\/blog-7-768x768.jpg"}],"twitter_card":"summary_large_image","schema":{"@context":"https:\/\/schema.org","@graph":[{"@type":"WebPage","@id":"https:\/\/www.urbannomad.rs\/en\/blog\/","url":"https:\/\/www.urbannomad.rs\/en\/blog\/","name":"Blog &#8226; Urban Nomad","isPartOf":{"@id":"https:\/\/www.urbannomad.rs\/en\/#website"},"primaryImageOfPage":{"@id":"https:\/\/www.urbannomad.rs\/en\/blog\/#primaryimage"},"image":{"@id":"https:\/\/www.urbannomad.rs\/en\/blog\/#primaryimage"},"thumbnailUrl":"https:\/\/www.urbannomad.rs\/wp-content\/uploads\/2020\/11\/blog-7-768x768.jpg","datePublished":"2021-05-14T12:52:00+00:00","dateModified":"2021-06-25T13:16:53+00:00","description":"Istra\u017ei Srbiju na uzbudljiv na\u010din! Iznajmi kombi. U\u017eivaj u prirodi. Budi NOMAD.","breadcrumb":{"@id":"https:\/\/www.urbannomad.rs\/en\/blog\/#breadcrumb"},"inLanguage":"en-US","potentialAction":[{"@type":"ReadAction","target":["https:\/\/www.urbannomad.rs\/en\/blog\/"]}]},{"@type":"ImageObject","inLanguage":"en-US","@id":"https:\/\/www.urbannomad.rs\/en\/blog\/#primaryimage","url":"https:\/\/www.urbannomad.rs\/wp-content\/uploads\/2020\/11\/blog-7-768x768.jpg","contentUrl":"https:\/\/www.urbannomad.rs\/wp-content\/uploads\/2020\/11\/blog-7-768x768.jpg"},{"@type":"BreadcrumbList","@id":"https:\/\/www.urbannomad.rs\/en\/blog\/#breadcrumb","itemListElement":[{"@type":"ListItem","position":1,"name":"Po\u010detna","item":"https:\/\/www.urbannomad.rs\/en\/"},{"@type":"ListItem","position":2,"name":"Blog"}]},{"@type":"WebSite","@id":"https:\/\/www.urbannomad.rs\/en\/#website","url":"https:\/\/www.urbannomad.rs\/en\/","name":"Urban Nomad","description":"I jedno i drugo","publisher":{"@id":"https:\/\/www.urbannomad.rs\/en\/#organization"},"potentialAction":[{"@type":"SearchAction","target":{"@type":"EntryPoint","urlTemplate":"https:\/\/www.urbannomad.rs\/en\/?s={search_term_string}"},"query-input":"required name=search_term_string"}],"inLanguage":"en-US"},{"@type":"Organization","@id":"https:\/\/www.urbannomad.rs\/en\/#organization","name":"Urban Nomad","url":"https:\/\/www.urbannomad.rs\/en\/","logo":{"@type":"ImageObject","inLanguage":"en-US","@id":"https:\/\/www.urbannomad.rs\/en\/#\/schema\/logo\/image\/","url":"https:\/\/www.urbannomad.rs\/wp-content\/uploads\/2021\/03\/UrbanNomad_Logotip_708x708px-copy.png","contentUrl":"https:\/\/www.urbannomad.rs\/wp-content\/uploads\/2021\/03\/UrbanNomad_Logotip_708x708px-copy.png","width":708,"height":708,"caption":"Urban Nomad"},"image":{"@id":"https:\/\/www.urbannomad.rs\/en\/#\/schema\/logo\/image\/"},"sameAs":["https:\/\/www.facebook.com\/urbannomad.rs","https:\/\/www.instagram.com\/urbannomad_rs\/"]}]}},"_links":{"self":[{"href":"https:\/\/www.urbannomad.rs\/en\/wp-json\/wp\/v2\/pages\/8455","targetHints":{"allow":["GET"]}}],"collection":[{"href":"https:\/\/www.urbannomad.rs\/en\/wp-json\/wp\/v2\/pages"}],"about":[{"href":"https:\/\/www.urbannomad.rs\/en\/wp-json\/wp\/v2\/types\/page"}],"author":[{"embeddable":true,"href":"https:\/\/www.urbannomad.rs\/en\/wp-json\/wp\/v2\/users\/1"}],"replies":[{"embeddable":true,"href":"https:\/\/www.urbannomad.rs\/en\/wp-json\/wp\/v2\/comments?post=8455"}],"version-history":[{"count":3,"href":"https:\/\/www.urbannomad.rs\/en\/wp-json\/wp\/v2\/pages\/8455\/revisions"}],"predecessor-version":[{"id":9815,"href":"https:\/\/www.urbannomad.rs\/en\/wp-json\/wp\/v2\/pages\/8455\/revisions\/9815"}],"wp:attachment":[{"href":"https:\/\/www.urbannomad.rs\/en\/wp-json\/wp\/v2\/media?parent=8455"}],"curies":[{"name":"wp","href":"https:\/\/api.w.org\/{rel}","templated":true}]}}